{"id":853,"date":"2022-10-27T01:40:41","date_gmt":"2022-10-26T23:40:41","guid":{"rendered":"https:\/\/adoratricesbadajoz.es\/?page_id=853"},"modified":"2022-10-27T01:41:09","modified_gmt":"2022-10-26T23:41:09","slug":"politica-de-privacidad","status":"publish","type":"page","link":"https:\/\/adoratricesbadajoz.es\/?page_id=853","title":{"rendered":"Pol\u00edtica de Privacidad"},"content":{"rendered":"\n<p><br><br><br>La Pol\u00edtica de Privacidad forma parte de las Condiciones Generales que rigen la presente\u00a0 Web.\u00a0<\/p>\n\n\n\n<p><strong>\u00bfQui\u00e9n es el responsable del tratamiento de tus datos?<\/strong><\/p>\n\n\n\n<p>Centro FPE Santa Madre Sacramento&nbsp; CIF: R0600581C<\/p>\n\n\n\n<p>Domicilio: Calle San At\u00f3n 2, C.P. 06001, de Badajoz.<\/p>\n\n\n\n<p>Tel\u00e9fono: 924220601<\/p>\n\n\n\n<p>Correo electr\u00f3nico: <a href=\"mailto:angelesr@adoratricesbadajoz.es\">angelesr@adoratricesbadajoz.es<\/a><\/p>\n\n\n\n<p>Puedes dirigirte de cualquier forma para comunicarte con nosotros.<\/p>\n\n\n\n<p>Nos reservamos el derecho a modificar o adaptar la presente Pol\u00edtica de Privacidad en cualquier momento. Te recomendamos revisar la misma, y si te has registrado y accedes a tu cuenta o perfil, se te informar\u00e1 de las modificaciones.<\/p>\n\n\n\n<p><strong>\u00bfCon que finalidades vamos a tratar tus datos personales?<\/strong><\/p>\n\n\n\n<p><strong><u>1.- Alumnos, padres, madres y tutores:<\/u><\/strong><strong><\/strong><\/p>\n\n\n\n<p>En el centro vamos a tratar sus datos personales con la finalidad de gestionar la escolarizaci\u00f3n del alumno\/a. En su caso, gestionar el cobro de la donaci\u00f3n voluntaria. Gestionar en caso de contrataci\u00f3n o solicitud otros servicios complementarios y actividades extraescolares. La solicitud de estos servicios requerir\u00e1 la cumplimentaci\u00f3n del correspondiente impreso donde se facilitar\u00e1 informaci\u00f3n espec\u00edfica de protecci\u00f3n de datos sobre esos tratamientos y se pedir\u00e1n los correspondientes consentimientos para el tratamiento de esos datos.<\/p>\n\n\n\n<p>Conocer, en su caso, datos de salud del alumno\/a que permitan actuar con prontitud y diligencia (alergias, patolog\u00edas cr\u00f3nicas, intolerancia a determinados alimentos, medicaci\u00f3n cr\u00f3nica, intolerancia a medicamentos etc).<\/p>\n\n\n\n<p>Tratamiento de im\u00e1genes del alumno\/a relacionadas con las actividades que se desarrollen en el centro.<\/p>\n\n\n\n<p><strong><u>2.- Proveedores:<\/u><\/strong><\/p>\n\n\n\n<p>En Centro FPE Santa Madre Sacramento vamos a tratar sus datos personales con la finalidad de facturaci\u00f3n.<\/p>\n\n\n\n<p><strong><u>3.- Contactos redes sociales:<\/u><\/strong><strong><\/strong><\/p>\n\n\n\n<p>En Centro FPE Santa Madre Sacramento vamos a tratar sus datos personales con las siguientes finalidades: Contestar a tus consultas, solicitudes&nbsp; o peticiones. Gestionar el servicio solicitado, contestar tu solicitud, o tramitar tu petici\u00f3n. Relacionarnos contigo y crear una comunidad de seguidores.<\/p>\n\n\n\n<p>Todo ello conforme a sus pol\u00edticas de Privacidad:<\/p>\n\n\n\n<p>&nbsp;&nbsp;&nbsp;&nbsp;&nbsp;&nbsp;&nbsp;&nbsp;&nbsp;&nbsp;&nbsp; Facebook &nbsp;&nbsp;&nbsp;&nbsp; <a href=\"http:\/\/www.facebook.com\/policy.php?ref=pf\">http:\/\/www.facebook.com\/policy.php?ref=pf<\/a><\/p>\n\n\n\n<p>&nbsp;&nbsp;&nbsp;&nbsp;&nbsp;&nbsp;&nbsp;&nbsp;&nbsp;&nbsp;&nbsp; Instagram&nbsp;&nbsp;&nbsp;&nbsp;&nbsp; <a href=\"https:\/\/help.instagram.com\/155833707900388\">https:\/\/help.instagram.com\/155833707900388<\/a><\/p>\n\n\n\n<p>&nbsp;&nbsp;&nbsp;&nbsp;&nbsp;&nbsp;&nbsp;&nbsp;&nbsp;&nbsp;&nbsp; Twitter&nbsp;&nbsp;&nbsp; &nbsp;&nbsp;&nbsp;&nbsp;&nbsp;&nbsp;&nbsp; <a href=\"http:\/\/twitter.com\/privacy\">http:\/\/twitter.com\/privacy<\/a><\/p>\n\n\n\n<p>4.- Demandantes de empleo:<\/p>\n\n\n\n<p>En Centro FPE Santa Madre Sacramento vamos a tratar sus datos personales con las siguientes finalidades: Organizaci\u00f3n de procesos de selecci\u00f3n para la contrataci\u00f3n de empleados. Citarle para entrevistas de trabajo y evaluar su candidatura. Si nos ha dado su consentimiento, podremos mantener su CV para hacerle part\u00edcipe en nuevos procesos de selecci\u00f3n. Si nos ha dado su consentimiento, podremos comunicar su CV a empresas&nbsp; colaboradoras o afines, con el \u00fanico objetivo de&nbsp; hacerle part\u00edcipe en sus procesos de selecci\u00f3n.<\/p>\n\n\n\n<p><strong>\u00bfCu\u00e1l es la legitimaci\u00f3n para el tratamiento de tus datos?<\/strong><\/p>\n\n\n\n<p><strong><u>1.- Alumnos, padres, madres y tutores:<\/u><\/strong><\/p>\n\n\n\n<p>La base legal del tratamiento es la ejecuci\u00f3n de un contrato para la escolarizaci\u00f3n no obligatoria y servicios opcionales (gratuitos, subvencionados o de pago) como son determinados servicios complementarios y actividades.<\/p>\n\n\n\n<p>La \u00faltima base legal para los otros tratamientos indicados con anterioridad (orientaci\u00f3n, organizaci\u00f3n de actividades l\u00fadicas, deportivas y educativas, publicaci\u00f3n de im\u00e1genes del alumno\/a, tratamiento de datos de salud, informaci\u00f3n sobre actividades organizadas para antiguos alumnos y avisos a familiares y personas de contacto, cobro de la donaci\u00f3n voluntaria), es el consentimiento del interesado. En el caso que no sea otorgado no impedir\u00e1 ni supeditar\u00e1 el tratamiento de datos de la finalidad principal que es la de gesti\u00f3n escolar.<\/p>\n\n\n\n<p><strong><u>2.- Proveedores:<\/u><\/strong><\/p>\n\n\n\n<p>La base legal para el tratamiento de sus datos es la ejecuci\u00f3n de un contrato y mantenimiento de la relaci\u00f3n contractual.<\/p>\n\n\n\n<p><strong><u>3.- Contactos redes sociales:<\/u><\/strong><\/p>\n\n\n\n<p>La base legal para el tratamiento de sus datos es la aceptaci\u00f3n de una relaci\u00f3n contractual en el entorno de la red social que corresponda, y conforme a sus pol\u00edticas de Privacidad.<\/p>\n\n\n\n<p><strong><u>4.- Demandantes de empleo:<\/u><\/strong><\/p>\n\n\n\n<p>La base legal para el tratamiento de sus datos es su consentimiento inequ\u00edvoco, al entregarnos su CV y recibir y\/o firmar informaci\u00f3n relativa a los tratamientos que vamos a efectuar.&nbsp;&nbsp;&nbsp;&nbsp;&nbsp;&nbsp;<\/p>\n\n\n\n<p><strong>\u00bfA qu\u00e9 destinatarios se comunicar\u00e1n sus datos?<\/strong><\/p>\n\n\n\n<p>Los datos ser\u00e1n comunicados al Ministerio de Educaci\u00f3n y Consejer\u00eda de Educaci\u00f3n de conformidad con la legislaci\u00f3n vigente.<\/p>\n\n\n\n<p>Los datos relacionados con el cobro de la matr\u00edcula ser\u00e1n comunicados a entidades bancarias para gestionar los recibos domiciliados y podr\u00e1n ser comunicados en el supuesto que seamos requeridos para ello a la Agencia Estatal de la Administraci\u00f3n Tributaria.<\/p>\n\n\n\n<p>Los datos del cobro de la donaci\u00f3n voluntaria quedar\u00e1n reflejados en un registro de donaciones y donantes a disposici\u00f3n del Servicio de Prevenci\u00f3n del Blanqueo de Capitales.<\/p>\n\n\n\n<p>De la misma manera los datos del alumno podr\u00e1n ser comunicados a agencias de viaje para la organizaci\u00f3n de viajes y compa\u00f1\u00edas aseguradoras para la contrataci\u00f3n de seguros (accidentes, viajes), a entidades p\u00fablicas y\/o privadas para el control de asistencia de los alumnos en excursiones, Escuelas Oficiales de Idiomas para la certificaci\u00f3n y emisi\u00f3n del t\u00edtulo oficial, a Federaciones y clubs deportivos para las actividades de deporte.<\/p>\n\n\n\n<p><strong>\u00bfQu\u00e9 medidas de seguridad aplicamos?<\/strong><\/p>\n\n\n\n<p>Puede estar tranquilo, hemos adoptado un nivel \u00f3ptimo de protecci\u00f3n de los Datos Personales que manejamos, y hemos instalado todos los medios y medidas t\u00e9cnicas a nuestra disposici\u00f3n seg\u00fan el estado de la tecnolog\u00eda para evitar la p\u00e9rdida, mal uso, alteraci\u00f3n, acceso no autorizado y robo de los Datos Personales.<\/p>\n\n\n\n<p><strong>\u00bfCu\u00e1les son sus derechos cuando nos facilita sus datos?<\/strong><\/p>\n\n\n\n<p>Cualquier persona tiene derecho a obtener confirmaci\u00f3n sobre la existencia de un tratamiento sus datos personales, a acceder a sus datos personales, solicitar la rectificaci\u00f3n de los mismos que sean inexactos o, en su caso, solicitar la supresi\u00f3n, cuando entre otros motivos, los datos ya no sean necesarios para los fines para los que fueron recogidos o el interesado retire el consentimiento otorgado.<\/p>\n\n\n\n<p>En determinados supuestos el interesado podr\u00e1 solicitar la limitaci\u00f3n del tratamiento de sus datos, en cuyo caso s\u00f3lo los conservaremos de acuerdo con la normativa vigente.<\/p>\n\n\n\n<p>En determinados supuestos puede ejercitar su derecho a la portabilidad de los datos, que ser\u00e1n entregados en un formato estructurado, de uso com\u00fan o lectura mec\u00e1nica a usted o el nuevo responsable de tratamiento que designe.<\/p>\n\n\n\n<p>Tiene derecho a revocar en cualquier momento el consentimiento para cualquiera de los tratamientos para los que lo ha otorgado.<\/p>\n\n\n\n<p>Centro FPE Santa Madre Sacramento dispone de formularios para el ejercicio de derechos que pueden ser solicitados al email <a href=\"mailto:angelesr@adoratricesbadajoz.es\">angelesr@adoratricesbadajoz.es<\/a>&nbsp; o utilizar los elaborados por la Agencia Espa\u00f1ola de Protecci\u00f3n de Datos o terceros. Estos formularios deber\u00e1n ir firmados electr\u00f3nicamente o ser acompa\u00f1ados de fotocopia del DNI. Si se act\u00faa por medio de representante de la misma manera deber\u00e1 ir acompa\u00f1ado de copia de su DNI o con firma electr\u00f3nica.<\/p>\n\n\n\n<p>Los formularios deber\u00e1n ser presentados presencialmente a Centro FPE Santa Madre Sacramento o remitidos por correo postal o electr\u00f3nico en las direcciones que aparecen en el apartado \u201cResponsable\u201d.<\/p>\n\n\n\n<p>Tiene derecho a presentar una reclamaci\u00f3n ante la Agencia Espa\u00f1ola de Protecci\u00f3n de Datos en el supuesto que considere que no se ha atendido convenientemente el ejercicio de sus derechos. El plazo m\u00e1ximo para resolver es el de un mes a contar desde la recepci\u00f3n de su solicitud.<\/p>\n\n\n\n<p>En el caso de producirse alguna modificaci\u00f3n de sus datos, le agradecemos nos lo comunique debidamente por escrito con la finalidad de mantener sus datos actualizados.<\/p>\n\n\n\n<p><strong>\u00bfPor cu\u00e1nto tiempo conservaremos sus datos?<\/strong><\/p>\n\n\n\n<p>Los datos personales ser\u00e1n mantenidos mientras dure la escolarizaci\u00f3n del alumno\/a. Al finalizar la misma, los datos personales tratados en cada una de las finalidades indicadas se mantendr\u00e1n durante los plazos legalmente previstos o durante el plazo que un juez o tribunal los pueda requerir atendiendo al plazo de prescripci\u00f3n de acciones judiciales. Los datos tratados en base al consentimiento del interesado se mantendr\u00e1n en tanto no expiren los plazos legales aludidos anteriormente, si hubiera obligaci\u00f3n legal de mantenimiento, o de no existir ese plazo legal, hasta que el interesado solicite su supresi\u00f3n o revoque el consentimiento otorgado. El expediente acad\u00e9mico, de acuerdo con la normativa vigente, se mantendr\u00e1 indefinidamente.<\/p>\n","protected":false},"excerpt":{"rendered":"<p>La Pol\u00edtica de Privacidad forma parte de las Condiciones Generales que rigen la presente\u00a0 Web.\u00a0 \u00bfQui\u00e9n es el responsable del tratamiento de tus datos? Centro FPE Santa Madre Sacramento&nbsp; CIF: R0600581C Domicilio: Calle San At\u00f3n 2, C.P. 06001, de Badajoz. Tel\u00e9fono: 924220601 Correo electr\u00f3nico: angelesr@adoratricesbadajoz.es Puedes dirigirte de cualquier forma para comunicarte con nosotros. Nos &hellip; <\/p>\n<p class=\"link-more\"><a href=\"https:\/\/adoratricesbadajoz.es\/?page_id=853\" class=\"more-link\">Continuar leyendo<span class=\"screen-reader-text\"> \u00abPol\u00edtica de Privacidad\u00bb<\/span><\/a><\/p>\n","protected":false},"author":3,"featured_media":0,"parent":833,"menu_order":0,"comment_status":"closed","ping_status":"closed","template":"","meta":[],"_links":{"self":[{"href":"https:\/\/adoratricesbadajoz.es\/index.php?rest_route=\/wp\/v2\/pages\/853"}],"collection":[{"href":"https:\/\/adoratricesbadajoz.es\/index.php?rest_route=\/wp\/v2\/pages"}],"about":[{"href":"https:\/\/adoratricesbadajoz.es\/index.php?rest_route=\/wp\/v2\/types\/page"}],"author":[{"embeddable":true,"href":"https:\/\/adoratricesbadajoz.es\/index.php?rest_route=\/wp\/v2\/users\/3"}],"replies":[{"embeddable":true,"href":"https:\/\/adoratricesbadajoz.es\/index.php?rest_route=%2Fwp%2Fv2%2Fcomments&post=853"}],"version-history":[{"count":4,"href":"https:\/\/adoratricesbadajoz.es\/index.php?rest_route=\/wp\/v2\/pages\/853\/revisions"}],"predecessor-version":[{"id":858,"href":"https:\/\/adoratricesbadajoz.es\/index.php?rest_route=\/wp\/v2\/pages\/853\/revisions\/858"}],"up":[{"embeddable":true,"href":"https:\/\/adoratricesbadajoz.es\/index.php?rest_route=\/wp\/v2\/pages\/833"}],"wp:attachment":[{"href":"https:\/\/adoratricesbadajoz.es\/index.php?rest_route=%2Fwp%2Fv2%2Fmedia&parent=853"}],"curies":[{"name":"wp","href":"https:\/\/api.w.org\/{rel}","templated":true}]}}