{"id":591,"date":"2020-05-17T19:22:16","date_gmt":"2020-05-17T17:22:16","guid":{"rendered":"http:\/\/adoratricesbadajoz.es\/?page_id=591"},"modified":"2025-05-25T20:18:26","modified_gmt":"2025-05-25T18:18:26","slug":"videotutoriales","status":"publish","type":"page","link":"https:\/\/adoratricesbadajoz.es\/?page_id=591","title":{"rendered":"Videotutoriales"},"content":{"rendered":"\r\n<p>&nbsp;<\/p>\r\n<p>&nbsp;<\/p>\r\n<p>Videotutoriales destinados al profesorado para aprender a usar las diferentes TIC para nuestro C. C. F. P. E. Santa Madre Sacramento \u00abAdoratrices\u00bb de Badajoz. Creado y editado por Diego Gudi\u00f1o Zahinos. Si tiene cualquier duda y\/o sugerencia, puede escribir al correo: dgudinoz@adoraricesbadajoz.es.<\/p>\r\n\r\n\r\n\r\n<h2 id=\"mce_10\" class=\"editor-rich-text__tinymce mce-content-body\" role=\"textbox\" contenteditable=\"true\" aria-label=\"Escribe el encabezado\u2026\" aria-autocomplete=\"list\" aria-multiline=\"true\" data-is-placeholder-visible=\"false\"><strong>MOODLE ADORATRICES<\/strong><\/h2>\r\n\r\n\r\n\r\n<ul>\r\n<li><strong>Configuraci\u00f3n y matriculaci\u00f3n de alumnos en nuestro m\u00f3dulo o curso virtual. <\/strong><\/li>\r\n<\/ul>\r\n\r\n\r\n\r\n<figure class=\"wp-block-embed-youtube wp-block-embed is-type-video is-provider-youtube wp-embed-aspect-16-9 wp-has-aspect-ratio\">\r\n<div class=\"wp-block-embed__wrapper\">\r\n<p><iframe loading=\"lazy\" width=\"525\" height=\"295\" src=\"https:\/\/www.youtube.com\/embed\/NQwahgZF6_I?feature=oembed\" frameborder=\"0\" allow=\"accelerometer; autoplay; clipboard-write; encrypted-media; gyroscope; picture-in-picture\" allowfullscreen><\/iframe><\/p>\r\n<\/div>\r\n<\/figure>\r\n\r\n\r\n\r\n<ul>\r\n<li><strong>Subir un archivo (documento, presentaci\u00f3n, \u2026) a nuestro modulo o curso virtual. <\/strong><\/li>\r\n<\/ul>\r\n\r\n\r\n\r\n<figure class=\"wp-block-embed-youtube wp-block-embed is-type-video is-provider-youtube wp-embed-aspect-16-9 wp-has-aspect-ratio\">\r\n<div class=\"wp-block-embed__wrapper\">\r\n<p><iframe loading=\"lazy\" width=\"525\" height=\"295\" src=\"https:\/\/www.youtube.com\/embed\/k31L1hQKho0?feature=oembed\" frameborder=\"0\" allow=\"accelerometer; autoplay; clipboard-write; encrypted-media; gyroscope; picture-in-picture\" allowfullscreen><\/iframe><\/p>\r\n<\/div>\r\n<\/figure>\r\n\r\n\r\n\r\n<ul>\r\n<li><strong>Colocar un archivo (documento, presentaci\u00f3n, \u2026) en nuestro modulo o curso virtual que ya tenemos subido. <\/strong><\/li>\r\n<\/ul>\r\n\r\n\r\n\r\n<figure class=\"wp-block-embed-youtube wp-block-embed is-type-video is-provider-youtube wp-embed-aspect-16-9 wp-has-aspect-ratio\">\r\n<div class=\"wp-block-embed__wrapper\">\r\n<p><iframe loading=\"lazy\" width=\"525\" height=\"295\" src=\"https:\/\/www.youtube.com\/embed\/k31L1hQKho0?feature=oembed\" frameborder=\"0\" allow=\"accelerometer; autoplay; clipboard-write; encrypted-media; gyroscope; picture-in-picture\" allowfullscreen><\/iframe><\/p>\r\n<\/div>\r\n<figcaption><\/figcaption>\r\n<\/figure>\r\n\r\n\r\n\r\n<ul>\r\n<li><strong>Crear una tarea adjuntado un archivo (documento, presentaci\u00f3n, \u2026). <\/strong><\/li>\r\n<\/ul>\r\n\r\n\r\n\r\n<figure class=\"wp-block-embed-youtube wp-block-embed is-type-video is-provider-youtube wp-embed-aspect-16-9 wp-has-aspect-ratio\">\r\n<div class=\"wp-block-embed__wrapper\">\r\n<p><iframe loading=\"lazy\" width=\"525\" height=\"295\" src=\"https:\/\/www.youtube.com\/embed\/BLgvGgw_FCs?feature=oembed\" frameborder=\"0\" allow=\"accelerometer; autoplay; clipboard-write; encrypted-media; gyroscope; picture-in-picture\" allowfullscreen><\/iframe><\/p>\r\n<\/div>\r\n<figcaption><\/figcaption>\r\n<\/figure>\r\n\r\n\r\n\r\n<ul>\r\n<li><strong>Crear una tarea con tipo de entrega: Texto en l\u00ednea y env\u00edo de archivo. <\/strong><\/li>\r\n<\/ul>\r\n\r\n\r\n\r\n<figure class=\"wp-block-embed-youtube wp-block-embed is-type-video is-provider-youtube wp-embed-aspect-16-9 wp-has-aspect-ratio\">\r\n<div class=\"wp-block-embed__wrapper\">\r\n<p><iframe loading=\"lazy\" width=\"525\" height=\"295\" src=\"https:\/\/www.youtube.com\/embed\/2cknZkNxwnQ?feature=oembed\" frameborder=\"0\" allow=\"accelerometer; autoplay; clipboard-write; encrypted-media; gyroscope; picture-in-picture\" allowfullscreen><\/iframe><\/p>\r\n<\/div>\r\n<\/figure>\r\n\r\n\r\n\r\n<ul>\r\n<li><strong> Crear una p\u00e1gina para ubicar varios enlaces web. <\/strong><\/li>\r\n<\/ul>\r\n\r\n\r\n\r\n<figure class=\"wp-block-embed-youtube wp-block-embed is-type-video is-provider-youtube wp-embed-aspect-16-9 wp-has-aspect-ratio\">\r\n<div class=\"wp-block-embed__wrapper\">\r\n<p><iframe loading=\"lazy\" width=\"525\" height=\"295\" src=\"https:\/\/www.youtube.com\/embed\/DN7zew43-5k?feature=oembed\" frameborder=\"0\" allow=\"accelerometer; autoplay; clipboard-write; encrypted-media; gyroscope; picture-in-picture\" allowfullscreen><\/iframe><\/p>\r\n<\/div>\r\n<\/figure>\r\n\r\n\r\n\r\n<ul>\r\n<li><strong>Crear un directorio o carpeta donde alojar archivos. <\/strong><\/li>\r\n<\/ul>\r\n\r\n\r\n\r\n<figure class=\"wp-block-embed-youtube wp-block-embed is-type-video is-provider-youtube wp-embed-aspect-16-9 wp-has-aspect-ratio\">\r\n<div class=\"wp-block-embed__wrapper\">\r\n<p><iframe loading=\"lazy\" width=\"525\" height=\"295\" src=\"https:\/\/www.youtube.com\/embed\/ourrnfF31Ew?feature=oembed\" frameborder=\"0\" allow=\"accelerometer; autoplay; clipboard-write; encrypted-media; gyroscope; picture-in-picture\" allowfullscreen><\/iframe><\/p>\r\n<\/div>\r\n<\/figure>\r\n\r\n\r\n\r\n<ul>\r\n<li><strong>Mostrar y ocultar recursos y actividades a los alumnos. <\/strong><\/li>\r\n<\/ul>\r\n\r\n\r\n\r\n<figure class=\"wp-block-embed-youtube wp-block-embed is-type-video is-provider-youtube wp-embed-aspect-16-9 wp-has-aspect-ratio\">\r\n<div class=\"wp-block-embed__wrapper\">\r\n<p><iframe loading=\"lazy\" width=\"525\" height=\"295\" src=\"https:\/\/www.youtube.com\/embed\/PhhfAbkNbOQ?feature=oembed\" frameborder=\"0\" allow=\"accelerometer; autoplay; clipboard-write; encrypted-media; gyroscope; picture-in-picture\" allowfullscreen><\/iframe><\/p>\r\n<\/div>\r\n<figcaption><\/figcaption>\r\n<\/figure>\r\n\r\n\r\n\r\n<ul>\r\n<li><strong>Crear cuestionario, categor\u00edas y banco de preguntas. <\/strong><\/li>\r\n<\/ul>\r\n\r\n\r\n\r\n<figure class=\"wp-block-embed-youtube wp-block-embed is-type-video is-provider-youtube wp-embed-aspect-16-9 wp-has-aspect-ratio\">\r\n<div class=\"wp-block-embed__wrapper\">\r\n<p><iframe loading=\"lazy\" width=\"525\" height=\"295\" src=\"https:\/\/www.youtube.com\/embed\/P8s2B_pvTnM?feature=oembed\" frameborder=\"0\" allow=\"accelerometer; autoplay; clipboard-write; encrypted-media; gyroscope; picture-in-picture\" allowfullscreen><\/iframe><\/p>\r\n<\/div>\r\n<\/figure>\r\n\r\n\r\n\r\n<ul>\r\n<li><strong>Escribir un mensaje a trav\u00e9s del foro y de la mensajer\u00eda de los alumnos. <\/strong><\/li>\r\n<\/ul>\r\n\r\n\r\n\r\n<figure class=\"wp-block-embed-youtube wp-block-embed is-type-video is-provider-youtube wp-embed-aspect-16-9 wp-has-aspect-ratio\">\r\n<div class=\"wp-block-embed__wrapper\">\r\n<p><iframe loading=\"lazy\" width=\"525\" height=\"295\" src=\"https:\/\/www.youtube.com\/embed\/1JogmpGvNxw?feature=oembed\" frameborder=\"0\" allow=\"accelerometer; autoplay; clipboard-write; encrypted-media; gyroscope; picture-in-picture\" allowfullscreen><\/iframe><\/p>\r\n<\/div>\r\n<\/figure>\r\n\r\n\r\n\r\n<h2 id=\"mce_7\" class=\"editor-rich-text__tinymce mce-content-body\" role=\"textbox\" contenteditable=\"true\" aria-label=\"Escribe el encabezado\u2026\" aria-autocomplete=\"list\" aria-multiline=\"true\" data-is-placeholder-visible=\"false\"><strong>CORREO ELECTR\u00d3NICO<\/strong><\/h2>\r\n\r\n\r\n\r\n<ul>\r\n<li><strong>Importar correos electr\u00f3nicos desde un archivo CSV a Stratos<\/strong><\/li>\r\n<\/ul>\r\n\r\n\r\n\r\n<figure class=\"wp-block-embed-youtube wp-block-embed is-type-video is-provider-youtube wp-embed-aspect-4-3 wp-has-aspect-ratio\">\r\n<div class=\"wp-block-embed__wrapper\">\r\n<p><iframe loading=\"lazy\" width=\"525\" height=\"394\" src=\"https:\/\/www.youtube.com\/embed\/kWJbPjkZkXY?feature=oembed\" frameborder=\"0\" allow=\"accelerometer; autoplay; clipboard-write; encrypted-media; gyroscope; picture-in-picture\" allowfullscreen><\/iframe><\/p>\r\n<\/div>\r\n<\/figure>\r\n\r\n\r\n\r\n<ul>\r\n<li><strong> Importar correos electr\u00f3nicos desde un archivo CSV a Gmail. <\/strong><\/li>\r\n<\/ul>\r\n\r\n\r\n\r\n<figure class=\"wp-block-embed-youtube wp-block-embed is-type-video is-provider-youtube wp-embed-aspect-4-3 wp-has-aspect-ratio\">\r\n<div class=\"wp-block-embed__wrapper\">\r\n<p><iframe loading=\"lazy\" width=\"525\" height=\"394\" src=\"https:\/\/www.youtube.com\/embed\/sdcKTlacfEc?feature=oembed\" frameborder=\"0\" allow=\"accelerometer; autoplay; clipboard-write; encrypted-media; gyroscope; picture-in-picture\" allowfullscreen><\/iframe><\/p>\r\n<\/div>\r\n<\/figure>\r\n\r\n\r\n\r\n<ul>\r\n<li><strong>Enviar correos con copia oculta a trav\u00e9s de Stratos.<\/strong><\/li>\r\n<\/ul>\r\n\r\n\r\n\r\n<figure class=\"wp-block-embed-youtube wp-block-embed is-type-video is-provider-youtube wp-embed-aspect-4-3 wp-has-aspect-ratio\">\r\n<div class=\"wp-block-embed__wrapper\">\r\n<p><iframe loading=\"lazy\" width=\"525\" height=\"394\" src=\"https:\/\/www.youtube.com\/embed\/AE_5aW4uk10?feature=oembed\" frameborder=\"0\" allow=\"accelerometer; autoplay; clipboard-write; encrypted-media; gyroscope; picture-in-picture\" allowfullscreen><\/iframe><\/p>\r\n<\/div>\r\n<\/figure>\r\n\r\n\r\n\r\n<ul>\r\n<li><strong> Crear listas distribuci\u00f3n de correos electr\u00f3nicos en Stratos.<\/strong><\/li>\r\n<\/ul>\r\n\r\n\r\n\r\n<figure class=\"wp-block-embed-youtube wp-block-embed\">\r\n<div class=\"wp-block-embed__wrapper\">\r\n<p><iframe loading=\"lazy\" width=\"525\" height=\"394\" src=\"https:\/\/www.youtube.com\/embed\/oaaD0gsLCxI?feature=oembed\" frameborder=\"0\" allow=\"accelerometer; autoplay; clipboard-write; encrypted-media; gyroscope; picture-in-picture\" allowfullscreen><\/iframe><\/p>\r\n<\/div>\r\n<div>&nbsp;<\/div>\r\n<\/figure>\r\n<div>\r\n<h2 id=\"mce_9\" class=\"editor-rich-text__tinymce mce-content-body\" role=\"textbox\" contenteditable=\"true\" aria-label=\"Escribe el encabezado\u2026\" aria-autocomplete=\"list\" aria-multiline=\"true\" data-is-placeholder-visible=\"false\"><strong>OTROS VIDEOTUTORIALES<\/strong><\/h2>\r\n<ul>\r\n<li>\r\n<p><strong>Acceder a materiales de apoyo cedidos por el MEFP-ADG.<\/strong><\/p>\r\n<\/li>\r\n<\/ul>\r\n<p>\r\n\r\n<\/p>\r\n<figure class=\"wp-block-embed-youtube wp-block-embed\">\r\n<div class=\"wp-block-embed__wrapper\">\r\n<p><iframe loading=\"lazy\" width=\"525\" height=\"394\" src=\"https:\/\/www.youtube.com\/embed\/gY5zPLZcwC4?feature=oembed\" frameborder=\"0\" allow=\"accelerometer; autoplay; clipboard-write; encrypted-media; gyroscope; picture-in-picture\" allowfullscreen><\/iframe><\/p>\r\n<\/div>\r\n<\/figure>\r\n<p>&nbsp;<\/p>\r\n<\/div>\r\n","protected":false},"excerpt":{"rendered":"<p>&nbsp; &nbsp; Videotutoriales destinados al profesorado para aprender a usar las diferentes TIC para nuestro C. C. F. P. E. Santa Madre Sacramento \u00abAdoratrices\u00bb de Badajoz. Creado y editado por Diego Gudi\u00f1o Zahinos. Si tiene cualquier duda y\/o sugerencia, puede escribir al correo: dgudinoz@adoraricesbadajoz.es. MOODLE ADORATRICES Configuraci\u00f3n y matriculaci\u00f3n de alumnos en nuestro m\u00f3dulo o &hellip; <\/p>\n<p class=\"link-more\"><a href=\"https:\/\/adoratricesbadajoz.es\/?page_id=591\" class=\"more-link\">Continuar leyendo<span class=\"screen-reader-text\"> \u00abVideotutoriales\u00bb<\/span><\/a><\/p>\n","protected":false},"author":3,"featured_media":0,"parent":0,"menu_order":0,"comment_status":"closed","ping_status":"closed","template":"","meta":[],"_links":{"self":[{"href":"https:\/\/adoratricesbadajoz.es\/index.php?rest_route=\/wp\/v2\/pages\/591"}],"collection":[{"href":"https:\/\/adoratricesbadajoz.es\/index.php?rest_route=\/wp\/v2\/pages"}],"about":[{"href":"https:\/\/adoratricesbadajoz.es\/index.php?rest_route=\/wp\/v2\/types\/page"}],"author":[{"embeddable":true,"href":"https:\/\/adoratricesbadajoz.es\/index.php?rest_route=\/wp\/v2\/users\/3"}],"replies":[{"embeddable":true,"href":"https:\/\/adoratricesbadajoz.es\/index.php?rest_route=%2Fwp%2Fv2%2Fcomments&post=591"}],"version-history":[{"count":8,"href":"https:\/\/adoratricesbadajoz.es\/index.php?rest_route=\/wp\/v2\/pages\/591\/revisions"}],"predecessor-version":[{"id":607,"href":"https:\/\/adoratricesbadajoz.es\/index.php?rest_route=\/wp\/v2\/pages\/591\/revisions\/607"}],"wp:attachment":[{"href":"https:\/\/adoratricesbadajoz.es\/index.php?rest_route=%2Fwp%2Fv2%2Fmedia&parent=591"}],"curies":[{"name":"wp","href":"https:\/\/api.w.org\/{rel}","templated":true}]}}