{"id":281,"date":"2015-06-26T10:58:02","date_gmt":"2015-06-26T08:58:02","guid":{"rendered":"http:\/\/adoratricesbadajoz.es\/?page_id=281"},"modified":"2025-05-25T20:20:23","modified_gmt":"2025-05-25T18:20:23","slug":"bolsa-de-empleo","status":"publish","type":"page","link":"https:\/\/adoratricesbadajoz.es\/?page_id=281","title":{"rendered":"Bolsa de Empleo"},"content":{"rendered":"\n<p><\/p>\n\n\n<p style=\"text-align: center;\">\u00a0<\/p>\n<p style=\"text-align: justify;\">Nuestro centro pone a disposici\u00f3n de las empresas y de nuestros alumnos una bolsa de empleo, realizando labores de intermediaci\u00f3n entre ambas partes, con el objetivo de favorecer la inserci\u00f3n laboral de nuestros alumnos, \u00a0facilitando a su vez a las empresas la selecci\u00f3n de personal.<\/p>\n<p style=\"text-align: justify;\">Si eres alumno o antiguo alumno del centro, puedes enviarnos tu curr\u00edculum a:<\/p>\n<p style=\"text-align: center;\"><a href=\"mailto:empleo@adoratricesbadajoz.es\">empleo@adoratricesbadajoz.es<\/a><\/p>","protected":false},"excerpt":{"rendered":"<p>\u00a0 Nuestro centro pone a disposici\u00f3n de las empresas y de nuestros alumnos una bolsa de empleo, realizando labores de intermediaci\u00f3n entre ambas partes, con el objetivo de favorecer la inserci\u00f3n laboral de nuestros alumnos, \u00a0facilitando a su vez a las empresas la selecci\u00f3n de personal. Si eres alumno o antiguo alumno del centro, puedes &hellip; <\/p>\n<p class=\"link-more\"><a href=\"https:\/\/adoratricesbadajoz.es\/?page_id=281\" class=\"more-link\">Continuar leyendo<span class=\"screen-reader-text\"> \u00abBolsa de Empleo\u00bb<\/span><\/a><\/p>\n","protected":false},"author":3,"featured_media":0,"parent":0,"menu_order":0,"comment_status":"closed","ping_status":"closed","template":"","meta":[],"_links":{"self":[{"href":"https:\/\/adoratricesbadajoz.es\/index.php?rest_route=\/wp\/v2\/pages\/281"}],"collection":[{"href":"https:\/\/adoratricesbadajoz.es\/index.php?rest_route=\/wp\/v2\/pages"}],"about":[{"href":"https:\/\/adoratricesbadajoz.es\/index.php?rest_route=\/wp\/v2\/types\/page"}],"author":[{"embeddable":true,"href":"https:\/\/adoratricesbadajoz.es\/index.php?rest_route=\/wp\/v2\/users\/3"}],"replies":[{"embeddable":true,"href":"https:\/\/adoratricesbadajoz.es\/index.php?rest_route=%2Fwp%2Fv2%2Fcomments&post=281"}],"version-history":[{"count":9,"href":"https:\/\/adoratricesbadajoz.es\/index.php?rest_route=\/wp\/v2\/pages\/281\/revisions"}],"predecessor-version":[{"id":903,"href":"https:\/\/adoratricesbadajoz.es\/index.php?rest_route=\/wp\/v2\/pages\/281\/revisions\/903"}],"wp:attachment":[{"href":"https:\/\/adoratricesbadajoz.es\/index.php?rest_route=%2Fwp%2Fv2%2Fmedia&parent=281"}],"curies":[{"name":"wp","href":"https:\/\/api.w.org\/{rel}","templated":true}]}}