{"id":27,"date":"2015-06-15T05:02:14","date_gmt":"2015-06-15T03:02:14","guid":{"rendered":"http:\/\/adoratricesbadajoz.es\/?page_id=27"},"modified":"2025-05-25T20:21:43","modified_gmt":"2025-05-25T18:21:43","slug":"oferta-educativa","status":"publish","type":"page","link":"https:\/\/adoratricesbadajoz.es\/?page_id=27","title":{"rendered":"Oferta Educativa"},"content":{"rendered":"<h1><strong>\u00a0OFERTA EDUCATIVA (CURSO 2024-2025)<\/strong><\/h1>\n<p><span style=\"font-weight: 400;\">Todo los ciclos formativos que se imparten en este centro<\/span> est\u00e1n dualizados. Durante el curso 2024-2025 se inician los primeros cursos de los ciclos formativos siguiendo el calendario que establece la ley org\u00e1nica 3\/2022, de ordenaci\u00f3n e integraci\u00f3n de la Formaci\u00f3n Profesional.<\/p>\n<ol>\n<li style=\"list-style-type: none;\">\n<ol>\n<li><strong>ATENCI\u00d3N A PERSONAS EN SITUACI\u00d3N DE DEPENDENCIA<\/strong>.\u00a0 Auxiliar de Ayuda a Domicilio y Residencias Geri\u00e1tricas. <span style=\"font-size: 1rem;\">FAMILIA PROFESIONAL:\u00a0 SERVICIOS SOCIOCULTURALES Y A LA COMUNIDAD.<br \/>\n<\/span><\/li>\n<li><strong>GESTI\u00d3N ADMINISTRATIVA.<\/strong> Auxiliar Administrativo. FAMILIA PROFESIONAL: ADMINISTRACI\u00d3N Y GESTI\u00d3N.<\/li>\n<li><strong>CUIDADOS AUXILIARES DE ENFERMER\u00cdA<\/strong>. Auxiliar Enfermer\u00eda. FAMILIA PROFESIONAL: SANIDAD.<\/li>\n<\/ol>\n<\/li>\n<\/ol>\n<h2 style=\"text-align: center;\"><strong>Descarga nuestros d\u00edpticos informativos<\/strong><\/h2>\n<p style=\"text-align: center;\"><a href=\"https:\/\/adoratricesbadajoz.es\/wp-content\/uploads\/2015\/06\/CFGM-Atenci\u00f3n-a-Personas-en-Situaci\u00f3n-de-Dependencia-SSC-2-1-LOE.pdf\">CFGM Atenci\u00f3n a Personas en Situaci\u00f3n de Dependencia (SSC 2-1) LOE<\/a><\/p>\n<p style=\"text-align: center;\"><a href=\"https:\/\/adoratricesbadajoz.es\/wp-content\/uploads\/2015\/06\/CFGM-Cuidados-Auxiliares-de-Enfermer\u00eda-SAN-21-LOGSE.pdf\">CFGM Cuidados Auxiliares de Enfermer\u00eda (SAN 21) LOGSE<\/a><\/p>\n<p style=\"text-align: center;\"><a href=\"https:\/\/adoratricesbadajoz.es\/wp-content\/uploads\/2015\/06\/CFGM-Gesti\u00f3n-Administrativa-ADG-2-1-LOE.pdf\">CFGM Gesti\u00f3n Administrativa (ADG 2-1) LOE<\/a><\/p>\n","protected":false},"excerpt":{"rendered":"<p>\u00a0OFERTA EDUCATIVA (CURSO 2024-2025) Todo los ciclos formativos que se imparten en este centro est\u00e1n dualizados. Durante el curso 2024-2025 se inician los primeros cursos de los ciclos formativos siguiendo el calendario que establece la ley org\u00e1nica 3\/2022, de ordenaci\u00f3n e integraci\u00f3n de la Formaci\u00f3n Profesional. ATENCI\u00d3N A PERSONAS EN SITUACI\u00d3N DE DEPENDENCIA.\u00a0 Auxiliar de &hellip; <\/p>\n<p class=\"link-more\"><a href=\"https:\/\/adoratricesbadajoz.es\/?page_id=27\" class=\"more-link\">Continuar leyendo<span class=\"screen-reader-text\"> \u00abOferta Educativa\u00bb<\/span><\/a><\/p>\n","protected":false},"author":3,"featured_media":0,"parent":0,"menu_order":0,"comment_status":"closed","ping_status":"closed","template":"","meta":[],"_links":{"self":[{"href":"https:\/\/adoratricesbadajoz.es\/index.php?rest_route=\/wp\/v2\/pages\/27"}],"collection":[{"href":"https:\/\/adoratricesbadajoz.es\/index.php?rest_route=\/wp\/v2\/pages"}],"about":[{"href":"https:\/\/adoratricesbadajoz.es\/index.php?rest_route=\/wp\/v2\/types\/page"}],"author":[{"embeddable":true,"href":"https:\/\/adoratricesbadajoz.es\/index.php?rest_route=\/wp\/v2\/users\/3"}],"replies":[{"embeddable":true,"href":"https:\/\/adoratricesbadajoz.es\/index.php?rest_route=%2Fwp%2Fv2%2Fcomments&post=27"}],"version-history":[{"count":23,"href":"https:\/\/adoratricesbadajoz.es\/index.php?rest_route=\/wp\/v2\/pages\/27\/revisions"}],"predecessor-version":[{"id":975,"href":"https:\/\/adoratricesbadajoz.es\/index.php?rest_route=\/wp\/v2\/pages\/27\/revisions\/975"}],"wp:attachment":[{"href":"https:\/\/adoratricesbadajoz.es\/index.php?rest_route=%2Fwp%2Fv2%2Fmedia&parent=27"}],"curies":[{"name":"wp","href":"https:\/\/api.w.org\/{rel}","templated":true}]}}