{"id":260,"date":"2015-06-25T18:35:55","date_gmt":"2015-06-25T16:35:55","guid":{"rendered":"http:\/\/adoratricesbadajoz.es\/?page_id=260"},"modified":"2025-05-25T20:20:52","modified_gmt":"2025-05-25T18:20:52","slug":"antiguos-alumnos","status":"publish","type":"page","link":"https:\/\/adoratricesbadajoz.es\/?page_id=260","title":{"rendered":"Antiguos Alumnos"},"content":{"rendered":"<p style=\"text-align: justify;\">\n<p>Estimados\/as compa\u00f1eros\/as:<\/p>\n<p style=\"text-align: justify;\">La Asociaci\u00f3n de Antiguos Alumnos del Centro Concertado de Formaci\u00f3n Profesional Espec\u00edfica Santa Madre Sacramento se est\u00e1 formando y muy pronto ser\u00e1 una realidad.<\/p>\n<p style=\"text-align: justify;\">Dar\u00e1 respuesta a un gran n\u00famero de alumnos que, una vez finalizados sus estudios, desean seguir vinculados activamente al centro.<\/p>\n<p style=\"text-align: justify;\">De momento pod\u00e9is estar al d\u00eda de toda la actualidad del centro, las noticias mas relevantes y las ofertas de empleo a trav\u00e9s de nuestro Facebook, <strong>Adoratrices Badajoz Empleo<\/strong>. Adem\u00e1s, estamos a vuestra disposici\u00f3n a trav\u00e9s del email:<\/p>\n<p style=\"text-align: center;\">\u00a0<a href=\"mailto:antiguosalumnos@adoratricesbadajoz.es\">antiguosalumnos@adoratricesbadajoz.es<\/a><\/p>\n<p style=\"text-align: justify;\">Entre todos lo haremos posible.<\/p>\n<p style=\"text-align: justify;\">Gracias.<\/p>\n","protected":false},"excerpt":{"rendered":"<p>Estimados\/as compa\u00f1eros\/as: La Asociaci\u00f3n de Antiguos Alumnos del Centro Concertado de Formaci\u00f3n Profesional Espec\u00edfica Santa Madre Sacramento se est\u00e1 formando y muy pronto ser\u00e1 una realidad. Dar\u00e1 respuesta a un gran n\u00famero de alumnos que, una vez finalizados sus estudios, desean seguir vinculados activamente al centro. De momento pod\u00e9is estar al d\u00eda de toda la &hellip; <\/p>\n<p class=\"link-more\"><a href=\"https:\/\/adoratricesbadajoz.es\/?page_id=260\" class=\"more-link\">Continuar leyendo<span class=\"screen-reader-text\"> \u00abAntiguos Alumnos\u00bb<\/span><\/a><\/p>\n","protected":false},"author":3,"featured_media":0,"parent":0,"menu_order":0,"comment_status":"closed","ping_status":"closed","template":"","meta":[],"_links":{"self":[{"href":"https:\/\/adoratricesbadajoz.es\/index.php?rest_route=\/wp\/v2\/pages\/260"}],"collection":[{"href":"https:\/\/adoratricesbadajoz.es\/index.php?rest_route=\/wp\/v2\/pages"}],"about":[{"href":"https:\/\/adoratricesbadajoz.es\/index.php?rest_route=\/wp\/v2\/types\/page"}],"author":[{"embeddable":true,"href":"https:\/\/adoratricesbadajoz.es\/index.php?rest_route=\/wp\/v2\/users\/3"}],"replies":[{"embeddable":true,"href":"https:\/\/adoratricesbadajoz.es\/index.php?rest_route=%2Fwp%2Fv2%2Fcomments&post=260"}],"version-history":[{"count":10,"href":"https:\/\/adoratricesbadajoz.es\/index.php?rest_route=\/wp\/v2\/pages\/260\/revisions"}],"predecessor-version":[{"id":871,"href":"https:\/\/adoratricesbadajoz.es\/index.php?rest_route=\/wp\/v2\/pages\/260\/revisions\/871"}],"wp:attachment":[{"href":"https:\/\/adoratricesbadajoz.es\/index.php?rest_route=%2Fwp%2Fv2%2Fmedia&parent=260"}],"curies":[{"name":"wp","href":"https:\/\/api.w.org\/{rel}","templated":true}]}}