{"id":257,"date":"2015-06-25T18:35:02","date_gmt":"2015-06-25T16:35:02","guid":{"rendered":"http:\/\/adoratricesbadajoz.es\/?page_id=257"},"modified":"2025-05-25T20:20:56","modified_gmt":"2025-05-25T18:20:56","slug":"ampa","status":"publish","type":"page","link":"https:\/\/adoratricesbadajoz.es\/?page_id=257","title":{"rendered":"AMPA"},"content":{"rendered":"<p>&nbsp;<\/p>\n<p style=\"text-align: justify;\">Estimadas familias:<\/p>\n<p style=\"text-align: justify;\">La Asociaci\u00f3n de Madres y Padres de Alumnos del Centro Concertado de Formaci\u00f3n Profesional Espec\u00edfica Santa Madre Sacramento os da la bienvenida a la web del Centro y se pone a vuestra disposici\u00f3n.<\/p>\n<p style=\"text-align: justify;\">Os informamos de las actividades que venimos realizando. Son las siguientes:<\/p>\n<p style=\"text-align: justify;\">&#8211; Orlas para todos los alumnos del Centro al finalizar sus estudios.<\/p>\n<p style=\"text-align: justify;\">&#8211; Felicitaciones Navide\u00f1as.<\/p>\n<p style=\"text-align: justify;\">&#8211; Colaboraci\u00f3n con el Centro en la adquisici\u00f3n o mejora de instalaciones o equipamientos.<\/p>\n<p style=\"text-align: justify;\">&#8211; Excursiones subvencionadas.<\/p>\n<p style=\"text-align: justify;\">Para seguir realizando todas estas actividades, y poder hacer muchas m\u00e1s, necesitamos la colaboraci\u00f3n de todas las familias.<\/p>\n<p style=\"text-align: justify;\">Con vuestra colaboraci\u00f3n, es posible.<\/p>\n<p>Un saludo.<\/p>\n<p style=\"text-align: justify;\">Asociaci\u00f3n de Madres y Padres de Alumnos<br \/>\nCCFPE Santa Madre Sacramento<br \/>\nBadajoz<br \/>\n<a href=\"mailto:ampa@adoratricesbadajoz.es\">ampa@adoratricesbadajoz.es<\/a><\/p>\n","protected":false},"excerpt":{"rendered":"<p>&nbsp; Estimadas familias: La Asociaci\u00f3n de Madres y Padres de Alumnos del Centro Concertado de Formaci\u00f3n Profesional Espec\u00edfica Santa Madre Sacramento os da la bienvenida a la web del Centro y se pone a vuestra disposici\u00f3n. Os informamos de las actividades que venimos realizando. Son las siguientes: &#8211; Orlas para todos los alumnos del Centro &hellip; <\/p>\n<p class=\"link-more\"><a href=\"https:\/\/adoratricesbadajoz.es\/?page_id=257\" class=\"more-link\">Continuar leyendo<span class=\"screen-reader-text\"> \u00abAMPA\u00bb<\/span><\/a><\/p>\n","protected":false},"author":3,"featured_media":0,"parent":0,"menu_order":0,"comment_status":"closed","ping_status":"closed","template":"","meta":[],"_links":{"self":[{"href":"https:\/\/adoratricesbadajoz.es\/index.php?rest_route=\/wp\/v2\/pages\/257"}],"collection":[{"href":"https:\/\/adoratricesbadajoz.es\/index.php?rest_route=\/wp\/v2\/pages"}],"about":[{"href":"https:\/\/adoratricesbadajoz.es\/index.php?rest_route=\/wp\/v2\/types\/page"}],"author":[{"embeddable":true,"href":"https:\/\/adoratricesbadajoz.es\/index.php?rest_route=\/wp\/v2\/users\/3"}],"replies":[{"embeddable":true,"href":"https:\/\/adoratricesbadajoz.es\/index.php?rest_route=%2Fwp%2Fv2%2Fcomments&post=257"}],"version-history":[{"count":7,"href":"https:\/\/adoratricesbadajoz.es\/index.php?rest_route=\/wp\/v2\/pages\/257\/revisions"}],"predecessor-version":[{"id":800,"href":"https:\/\/adoratricesbadajoz.es\/index.php?rest_route=\/wp\/v2\/pages\/257\/revisions\/800"}],"wp:attachment":[{"href":"https:\/\/adoratricesbadajoz.es\/index.php?rest_route=%2Fwp%2Fv2%2Fmedia&parent=257"}],"curies":[{"name":"wp","href":"https:\/\/api.w.org\/{rel}","templated":true}]}}