{"id":25,"date":"2015-06-15T05:01:29","date_gmt":"2015-06-15T03:01:29","guid":{"rendered":"http:\/\/adoratricesbadajoz.es\/?page_id=25"},"modified":"2025-05-29T18:27:42","modified_gmt":"2025-05-29T16:27:42","slug":"inicio-4","status":"publish","type":"page","link":"https:\/\/adoratricesbadajoz.es\/","title":{"rendered":"Inicio"},"content":{"rendered":"<h1 style=\"text-align: left;\"><span style=\"color: #0000ff;\"><strong>C. C. FORMACI\u00d3N PROFESIONAL ESPEC\u00cdFICA<\/strong><\/span><strong style=\"color: #0000ff;\"> SANTA MADRE SACRAMENTO \u00abADORADORAS\u00bb DE BADAJOZ<\/strong><\/h1>\n<p>\u00a0<\/p>\n<p><a href=\"https:\/\/adoratricesbadajoz.es\/wp-content\/uploads\/2015\/06\/001-e1434336459908.jpg\"><img decoding=\"async\" loading=\"lazy\" class=\"size-full wp-image-9 aligncenter\" src=\"https:\/\/adoratricesbadajoz.es\/wp-content\/uploads\/2015\/06\/001-e1434336459908.jpg\" alt=\"\" width=\"500\" height=\"375\" \/><\/a><\/p>\n<hr \/>\n<h2><strong>INFORMACI\u00d3N GENERAL DEL CURSO 2025 &#8211; 2026<\/strong><\/h2>\n<h4><strong>SE CONVOCA EL PROCESO DE ADMISI\u00d3N Y MATR\u00cdCULA PARA CURSAR POR PRIMERA VEZ CICLOS FORMATIVOS EN R\u00c9GIMEN PRESENCIAL COMPLETO DURANTE EL CURSO 2025-2026.<\/strong><\/h4>\n<p><span style=\"font-family: 'Helvetica',sans-serif; color: #1c1e21;\">Si est\u00e1s interesado\/a en matricularte en alguno de los ciclos de grado medio que ofrece nuestro centro en<\/span><span style=\"font-family: 'Helvetica',sans-serif; color: #1c1e21;\"> \u00abGesti\u00f3n Administrativa\u00bb, \u00abAtenci\u00f3n a Personas en Situaci\u00f3n de Dependencia\u00bb y \u00abCuidados Auxiliares de Enfermer\u00eda\u00bb, t<\/span><span style=\"font-family: 'Helvetica',sans-serif; color: #1c1e21;\">e informamos sobre el calendario de actuaciones:\u00a0<\/span><\/p>\n<ul>\n<li style=\"list-style-type: none;\">\n<ul>\n<li><span style=\"font-family: 'Helvetica',sans-serif; color: #1c1e21;\"><strong>Del 29 de mayo al 26 de junio<\/strong>: se abre el periodo de solicitudes de admisi\u00f3n para los ciclos de grado medio y superior. Necesario titulo de la ESO y\/o equivalente. <a href=\"https:\/\/www.educarex.es\/fp\/admision-grado-medio-superior.html?fbclid=IwAR2LyxkWo3I_u3mg1WVCvycr_7-dwKy9OI8QAYHtJuxVZhhIb-958BCWuMk\">Ver pagina de informaci\u00f3n<\/a>.<\/span><\/li>\n<li><span style=\"font-family: 'Helvetica',sans-serif; color: #1c1e21;\"><strong>Hasta el 27 de junio (23:59 h.)<\/strong>: Plazo para que los centros dispongan de las notas en Rayuela. No s\u00f3lo en la evaluaci\u00f3n final. Tambi\u00e9n en la zona de notas medias.<\/span><\/li>\n<li><span style=\"font-family: 'Helvetica',sans-serif; color: #1c1e21;\"><strong>Del 27 de junio al 6 de julio<\/strong>: Gesti\u00f3n de solicitudes por parte de las comisiones provinciales de escolarizaci\u00f3n de formaci\u00f3n profesional y de la Direcci\u00f3n General<br \/>de Formaci\u00f3n Profesional, Innovaci\u00f3n e Inclusi\u00f3n Educativa. Revisi\u00f3n de documentaci\u00f3n, y comprobaci\u00f3n de requisitos y condiciones de acceso.<\/span><\/li>\n<li><span style=\"font-family: 'Helvetica',sans-serif; color: #1c1e21;\"><strong>7 de julio<\/strong>: Informaci\u00f3n en Rayuela de la situaci\u00f3n provisional de personas<br \/>admitidas y excluidas a participar en el proceso de adjudicaci\u00f3n. Estado de la documentaci\u00f3n que necesita ser revisada por parte de las personas presentadoras de solicitudes y de las condiciones de acceso en cuanto a cupo, nota de acceso y otras circunstancias relacionadas con ello.\u00a0<\/span><\/li>\n<li><span style=\"font-family: 'Helvetica',sans-serif; color: #1c1e21;\"><strong>Del 7 al 11 de julio<\/strong>: Presentaci\u00f3n de reclamaciones a la informaci\u00f3n provisional de solicitantes. Aportaci\u00f3n de documentaci\u00f3n y\/o cambio de cupo y\/o subcupo en su caso.<\/span><\/li>\n<li><span style=\"font-family: 'Helvetica',sans-serif; color: #1c1e21;\"><strong>Del 12 al 15 de julio<\/strong>: Gesti\u00f3n de reclamaciones por parte las comisiones provinciales de escolarizaci\u00f3n de formaci\u00f3n profesional y de la Direcci\u00f3n General<br \/>de Formaci\u00f3n Profesional, Innovaci\u00f3n e Inclusi\u00f3n Educativa. Revisi\u00f3n de documentaci\u00f3n, y comprobaci\u00f3n de requisitos y condiciones de acceso.<\/span><\/li>\n<li><span style=\"font-family: 'Helvetica',sans-serif; color: #1c1e21;\"><strong>18 de julio<\/strong>: Informaci\u00f3n en Rayuela de la situaci\u00f3n definitiva de personas admitidas y excluidas a participar en el proceso de adjudicaci\u00f3n. Documentaci\u00f3n que necesitando haber sido revisada por parte de las personas presentadoras de solicitudes no ha sido considerada finalmente v\u00e1lida. Informaci\u00f3n de las condiciones de acceso en cuanto a cupo, nota de acceso y otras circunstancias relacionadas con ello.<\/span><\/li>\n<li><span style=\"font-family: 'Helvetica',sans-serif; color: #1c1e21;\"><strong>A partir del 24 de julio (12:00 h.):<\/strong> <strong>Primera adjudicaci\u00f3n<\/strong>. Informaci\u00f3n en Rayuela de personas admitidas y no admitidas para realizar el primer curso en calidad de nuevo alumnado.<\/span><\/li>\n<li><span style=\"font-family: 'Helvetica',sans-serif; color: #1c1e21;\"><strong>Del 1 septiembre al 31 de octubre<\/strong>: Periodo para cotejar documentaci\u00f3n en centros de primera petici\u00f3n o en cualquier dentro p\u00fablico que imparta ciclos formativos de grados medio o superior.<\/span><\/li>\n<\/ul>\n<\/li>\n<\/ul>\n<p><span style=\"font-family: 'Helvetica',sans-serif; color: #1c1e21;\"><strong>MATRICULACI\u00d3N<\/strong>: Desde el 24 al 31 de julio se abre el periodo de <strong>matr\u00edcula online<\/strong> correspondiente a la primera adjudicaci\u00f3n.<\/span><\/p>\n<p><span style=\"color: #000000;\"><strong><u>NOTA<\/u><\/strong>: Las solicitudes se presentar\u00e1n a trav\u00e9s de la plataforma educativa <a style=\"color: #000000;\" href=\"https:\/\/rayuela.educarex.es\/\" target=\"_blank\" rel=\"noopener noreferrer\">Rayuela<\/a>. <em><a style=\"color: #000000;\" href=\"https:\/\/www.educarex.es\/fp\/admision-grado-medio-superior.html?fbclid=IwAR2LyxkWo3I_u3mg1WVCvycr_7-dwKy9OI8QAYHtJuxVZhhIb-958BCWuMk\">Ver instrucciones<\/a>.<\/em><\/span><\/p>\n<p><span style=\"font-family: 'Helvetica',sans-serif; color: #1c1e21;\">Para el <strong>PERIODO DE 2\u00aa ADJUDICACI\u00d3N<\/strong>, t<\/span><span style=\"font-family: 'Helvetica',sans-serif; color: #1c1e21;\">e informamos sobre el calendario de actuaciones:\u00a0<\/span><\/p>\n<ul>\n<li style=\"list-style-type: none;\">\n<ul>\n<li><span style=\"font-family: 'Helvetica',sans-serif; color: #1c1e21;\"><strong>A partir del 2 de septiembre (12:00 h.): Segunda adjudicaci\u00f3n<\/strong>. Informaci\u00f3n en Rayuela de personas admitidas y no admitidas para realizar el primer curso en calidad de nuevo alumnado.<\/span><\/li>\n<li><span style=\"font-family: 'Helvetica',sans-serif; color: #1c1e21;\"><strong>Del 2 al 9 de septiembre:<\/strong> Periodo de matr\u00edcula online correspondiente a la segunda adjudicaci\u00f3n.<\/span><\/li>\n<\/ul>\n<\/li>\n<\/ul>\n<ul>\n<li style=\"list-style-type: none;\">\u00a0<\/li>\n<\/ul>\n<h4>MATRICULA PARA EL ALUMNADO QUE NO PROMOCIONA A SEGUNDO CURSO.<\/h4>\n<ul>\n<li style=\"list-style-type: none;\">\n<ul>\n<li><span style=\"font-family: 'Helvetica',sans-serif; color: #1c1e21;\"><strong>Del 1 al 8 de julio<\/strong>: Matr\u00edcula en primero del alumnado que no promociona a segundo en la evaluaci\u00f3n extraordinaria de junio. Ver ANEXO VIII y ANEXO IX de la <a href=\"https:\/\/doe.juntaex.es\/pdfs\/doe\/2025\/990o\/25062111.pdf\">RESOLUCI\u00d3N de 19 de mayo de 2025, de la Direcci\u00f3n General de Formaci\u00f3n Profesional, Innovaci\u00f3n e Inclusi\u00f3n Educativa, por la que se convoca el procedimiento de admisi\u00f3n y matriculaci\u00f3n para cursar ciclos formativos de Grado Medio y Grado Superior, en modalidad presencial completa, en centros sostenidos con fondos p\u00fablicos del \u00e1mbito de la Comunidad Aut\u00f3noma de Extremadura, para el curso 2025\/2026.<\/a><\/span><\/li>\n<\/ul>\n<\/li>\n<\/ul>\n<p><strong><span style=\"font-family: 'Helvetica',sans-serif; color: #1c1e21;\">EL 10 DE JULIO ES LA FECHA L\u00cdMITE DE MECANIZACI\u00d3N DE MATR\u00cdCULAS POR PARTE DEL CENTRO EDUCATIVO, RECOGIDO EN LA ACTUACI\u00d3N ANTERIOR.<\/span><\/strong><\/p>\n<h4>LISTAS DE ESPERA A PRIMER CURSO<strong>.\u00a0<\/strong><\/h4>\n<ul>\n<li style=\"list-style-type: none;\">\n<ul>\n<li><span style=\"font-family: Helvetica, sans-serif; color: #000000;\"><span style=\"font-family: Helvetica, sans-serif; color: #000000;\"><strong>Del 12 al 30 de septiembre<\/strong>: Informaci\u00f3n en Rayuela de listas de espera y fecha a partir de la cual se pueden presentar solicitudes de nuevas incorporaciones (adhesi\u00f3n) al final de las mismas en cada uno de los centros y ciclos. <span style=\"font-family: 'Helvetica',sans-serif; color: #1c1e21;\">Ver ANEXO X de la <a href=\"https:\/\/doe.juntaex.es\/pdfs\/doe\/2025\/990o\/25062111.pdf\">RESOLUCI\u00d3N de 19 de mayo de 2025, de la Direcci\u00f3n General de Formaci\u00f3n Profesional, Innovaci\u00f3n e Inclusi\u00f3n Educativa, por la que se convoca el procedimiento de admisi\u00f3n y matriculaci\u00f3n para cursar ciclos formativos de Grado Medio y Grado Superior, en modalidad presencial completa, en centros sostenidos con fondos p\u00fablicos del \u00e1mbito de la Comunidad Aut\u00f3noma de Extremadura, para el curso 2025\/2026.<\/a><\/span><\/span><\/span><\/li>\n<\/ul>\n<\/li>\n<\/ul>\n<p><strong><span style=\"font-family: 'Helvetica',sans-serif; color: #1c1e21;\">EL 3 DE OCTUBRE ES LA FECHA L\u00cdMITE DE MECANIZACI\u00d3N DE MATR\u00cdCULAS POR PARTE DEL CENTRO EDUCATIVO, RECOGIDO EN LA ACTUACI\u00d3N ANTERIOR.<\/span><\/strong><\/p>\n<p><strong>EL 31 DE OCTUBRE ES LA FECHA L\u00cdMITE PARA LA PRESENTACI\u00d3N DE DOCUMENTACI\u00d3N QUE HA DE SER COTEJADA.<\/strong><\/p>\n<h4>EL ALUMNADO QUE SOLICITA TRASLADOS DE MATR\u00cdCULA A PRIMER CURSO FUERA DEL PERIODO DE ADMISI\u00d3N PODR\u00c1 REALIZARLO A PARTIR DE LA FINALIZACI\u00d3N DEL PROCEDIMIENTO DE LA OFERTA MODULAR HASTA UN MES ANTES DEL INICIO DE LA EVALUACI\u00d3N FINAL ORDINARIA. <strong>Ver ANEXO XI de la <span style=\"font-family: 'Helvetica',sans-serif; color: #1c1e21;\"><a href=\"https:\/\/doe.juntaex.es\/pdfs\/doe\/2025\/990o\/25062111.pdf\">RESOLUCI\u00d3N de 19 de mayo de 2025, de la Direcci\u00f3n General de Formaci\u00f3n Profesional, Innovaci\u00f3n e Inclusi\u00f3n Educativa, por la que se convoca el procedimiento de admisi\u00f3n y matriculaci\u00f3n para cursar ciclos formativos de Grado Medio y Grado Superior, en modalidad presencial completa, en centros sostenidos con fondos p\u00fablicos del \u00e1mbito de la Comunidad Aut\u00f3noma de Extremadura, para el curso 2025\/2026.<\/a><\/span><\/strong><\/h4>\n<h4>ALUMNADO QUE SOLICITA TRASLADOS DE MATR\u00cdCULA Y\/O ADMISI\u00d3N PARA SEGUNDO CURSO.\u00a0 JULIO<\/h4>\n<ul>\n<li style=\"list-style-type: none;\">\n<ul>\n<li><strong>Del 1 al 8 de julio<\/strong>: Matr\u00edcula del alumnado que promociona a segundo curso. Matr\u00edcula del alumnado que no obtuvo el t\u00edtulo en segundo y que desea continuar sus estudios en el plan de estudios a extinguir regulado en el Real Decreto 1147\/2011, de 29 de julio. Matr\u00edcula del alumnado que no obtuvo el t\u00edtulo en segundo y que desea incorporarse al plan de estudios establecido en el Real decreto 659\/2023, de 18 de julio. Matr\u00edcula del alumnado de distancia bajo el marco del RD 1147\/2011, que desean continuar su formaci\u00f3n en el mismo centro y que solo tiene que realizar el m\u00f3dulo de FCT y\/o Proyecto. Ver ANEXO VIII y IX de la <span style=\"font-family: 'Helvetica',sans-serif; color: #1c1e21;\"><a href=\"https:\/\/doe.juntaex.es\/pdfs\/doe\/2025\/990o\/25062111.pdf\">RESOLUCI\u00d3N de 19 de mayo de 2025, de la Direcci\u00f3n General de Formaci\u00f3n Profesional, Innovaci\u00f3n e Inclusi\u00f3n Educativa, por la que se convoca el procedimiento de admisi\u00f3n y matriculaci\u00f3n para cursar ciclos formativos de Grado Medio y Grado Superior, en modalidad presencial completa, en centros sostenidos con fondos p\u00fablicos del \u00e1mbito de la Comunidad Aut\u00f3noma de Extremadura, para el curso 2025\/2026.<\/a><\/span><\/li>\n<li><strong>10 de julio:<\/strong> Fecha l\u00edmite de mecanizaci\u00f3n de matr\u00edcula del alumnado por parte<br \/>del centro educativo, recogido en la actuaci\u00f3n anterior.<\/li>\n<li><strong>Del 10 al 14 de julio<\/strong>: Solicitud de admisi\u00f3n a segundo curso. Solicitud de traslado de matr\u00edcula para segundo curso. Para ambos casos el alumnado tendr\u00e1 que elegir entre:<br \/>&#8211; Continuar sus estudios en el plan de estudios a extinguir regulado en el Real Decreto 1147\/2011, de 29 de julio.<br \/>&#8211; Incorporarse al plan de estudios establecido en el Real decreto 659\/2023, de 18 de julio.<br \/>Solicitud de admisi\u00f3n a segundo curso de alumnado de distancia bajo el marco del RD 1147\/2011, que desean continuar su formaci\u00f3n en un centro distinto, que haya superado todos los m\u00f3dulos profesionales en la convocatoria final ordinaria o extraordinaria del mes de diciembre, y que solo tiene que realizar el m\u00f3dulo de FCT y\/o Proyecto. Ver ANEXO VI <span style=\"font-family: 'Helvetica',sans-serif; color: #1c1e21;\"><a href=\"https:\/\/doe.juntaex.es\/pdfs\/doe\/2025\/990o\/25062111.pdf\">RESOLUCI\u00d3N de 19 de mayo de 2025, de la Direcci\u00f3n General de Formaci\u00f3n Profesional, Innovaci\u00f3n e Inclusi\u00f3n Educativa, por la que se convoca el procedimiento de admisi\u00f3n y matriculaci\u00f3n para cursar ciclos formativos de Grado Medio y Grado Superior, en modalidad presencial completa, en centros sostenidos con fondos p\u00fablicos del \u00e1mbito de la Comunidad Aut\u00f3noma de Extremadura, para el curso 2025\/2026.<\/a><\/span><\/li>\n<li><strong>18 de julio<\/strong>: Publicaci\u00f3n de la relaci\u00f3n de solicitudes de admisi\u00f3n a segundo curso y Solicitud de traslados de matr\u00edcula para segundo curso que han sido o no admitidas. Ver ANEXO VII de la <span style=\"font-family: 'Helvetica',sans-serif; color: #1c1e21;\"><a href=\"https:\/\/doe.juntaex.es\/pdfs\/doe\/2025\/990o\/25062111.pdf\">RESOLUCI\u00d3N de 19 de mayo de 2025, de la Direcci\u00f3n General de Formaci\u00f3n Profesional, Innovaci\u00f3n e Inclusi\u00f3n Educativa, por la que se convoca el procedimiento de admisi\u00f3n y matriculaci\u00f3n para cursar ciclos formativos de Grado Medio y Grado Superior, en modalidad presencial completa, en centros sostenidos con fondos p\u00fablicos del \u00e1mbito de la Comunidad Aut\u00f3noma de Extremadura, para el curso 2025\/2026.<\/a><\/span><\/li>\n<\/ul>\n<\/li>\n<\/ul>\n<p><strong>MATRICULACI\u00d3N<\/strong>: <strong>Desde el 18 al 22 de julio<\/strong> se abre el periodo de matr\u00edcula para el nuevo alumnado admitido a segundo curso. Ver ANEXO VIII y IX de la <span style=\"font-family: 'Helvetica',sans-serif; color: #1c1e21;\"><a href=\"https:\/\/doe.juntaex.es\/pdfs\/doe\/2025\/990o\/25062111.pdf\">RESOLUCI\u00d3N de 19 de mayo de 2025, de la Direcci\u00f3n General de Formaci\u00f3n Profesional, Innovaci\u00f3n e Inclusi\u00f3n Educativa, por la que se convoca el procedimiento de admisi\u00f3n y matriculaci\u00f3n para cursar ciclos formativos de Grado Medio y Grado Superior, en modalidad presencial completa, en centros sostenidos con fondos p\u00fablicos del \u00e1mbito de la Comunidad Aut\u00f3noma de Extremadura, para el curso 2025\/2026.<\/a><\/span><\/p>\n<p><strong>EL 25 DE JULIO ES LA FECHA L\u00cdMITE DE MECANIZACI\u00d3N DE MATR\u00cdCULA POR PARTE DEL CENTRO EDUCATIVO, RECOGIDO EN LA ACTUACI\u00d3N ANTERIOR.<\/strong><\/p>\n<h4>ALUMNADO QUE SOLICITA TRASLADOS DE MATR\u00cdCULA Y\/O ADMISI\u00d3N PARA SEGUNDO CURSO.\u00a0 SEPTIEMBRE<\/h4>\n<ul>\n<li style=\"list-style-type: none;\">\n<ul>\n<li><strong>Del 1 al 9 de septiembre<\/strong>: Solicitud de admisi\u00f3n a segundo curso. Solicitud de traslado de matr\u00edcula para segundo curso. Para ambos casos el alumnado tendr\u00e1 que elegir entre:<br \/>&#8211; Continuar sus estudios en el plan de estudios a extinguir regulado en el Real Decreto 1147\/2011, de 29 de julio.<br \/>&#8211; Incorporarse al plan de estudios establecido en el Real decreto 659\/2023, de 18 de julio.<br \/>Solicitud de admisi\u00f3n a segundo curso de alumnado de distancia bajo el marco del RD 1147\/2011, que desean continuar su formaci\u00f3n en un centro distinto, que haya superado todos los m\u00f3dulos profesionales en la convocatoria final ordinaria o extraordinaria del mes de diciembre, y que solo tiene que realizar el m\u00f3dulo de FCT y\/o Proyecto. Ver ANEXO VI de la <span style=\"font-family: 'Helvetica',sans-serif; color: #1c1e21;\"><a href=\"https:\/\/doe.juntaex.es\/pdfs\/doe\/2025\/990o\/25062111.pdf\">RESOLUCI\u00d3N de 19 de mayo de 2025, de la Direcci\u00f3n General de Formaci\u00f3n Profesional, Innovaci\u00f3n e Inclusi\u00f3n Educativa, por la que se convoca el procedimiento de admisi\u00f3n y matriculaci\u00f3n para cursar ciclos formativos de Grado Medio y Grado Superior, en modalidad presencial completa, en centros sostenidos con fondos p\u00fablicos del \u00e1mbito de la Comunidad Aut\u00f3noma de Extremadura, para el curso 2025\/2026.<\/a><\/span><\/li>\n<li><strong>11 de septiembre<\/strong>: Publicaci\u00f3n de la relaci\u00f3n de solicitudes de admisi\u00f3n a segundo curso y Solicitud de traslados de matr\u00edcula para segundo curso que han sido o no admitidas. Ver ANEXO VII de la <a href=\"https:\/\/doe.juntaex.es\/pdfs\/doe\/2025\/990o\/25062111.pdf\">RESOLUCI\u00d3N de 19 de mayo de 2025, de la Direcci\u00f3n General de Formaci\u00f3n Profesional, Innovaci\u00f3n e Inclusi\u00f3n Educativa, por la que se convoca el procedimiento de admisi\u00f3n y matriculaci\u00f3n para cursar ciclos formativos de Grado Medio y Grado Superior, en modalidad presencial completa, en centros sostenidos con fondos p\u00fablicos del \u00e1mbito de la Comunidad Aut\u00f3noma de Extremadura, para el curso 2025\/2026.<\/a><\/li>\n<li><strong>12 y 15 de septiembre<\/strong>: Matriculaci\u00f3n del nuevo alumnado admitido a segundo curso. Ver ANEXO VIII y IX de la <a href=\"https:\/\/doe.juntaex.es\/pdfs\/doe\/2025\/990o\/25062111.pdf\">RESOLUCI\u00d3N de 19 de mayo de 2025, de la Direcci\u00f3n General de Formaci\u00f3n Profesional, Innovaci\u00f3n e Inclusi\u00f3n Educativa, por la que se convoca el procedimiento de admisi\u00f3n y matriculaci\u00f3n para cursar ciclos formativos de Grado Medio y Grado Superior, en modalidad presencial completa, en centros sostenidos con fondos p\u00fablicos del \u00e1mbito de la Comunidad Aut\u00f3noma de Extremadura, para el curso 2025\/2026.<\/a><\/li>\n<li><strong>18 de septiembre<\/strong>: Plazo m\u00e1ximo para la mecanizaci\u00f3n de matr\u00edculas por parte del<br \/>centro educativo, recogido en la actuaci\u00f3n anterior.<\/li>\n<li><strong>Del 19 al 30 de septiembre<\/strong>: Informaci\u00f3n en Rayuela de lista de espera y fecha a partir de la cual se pueden presentar solicitudes de nuevas incorporaciones<br \/>(adhesi\u00f3n) al final de las mismas en cada uno de los centros y ciclos. Ver ANEXO X de la <a href=\"https:\/\/doe.juntaex.es\/pdfs\/doe\/2025\/990o\/25062111.pdf\">RESOLUCI\u00d3N de 19 de mayo de 2025, de la Direcci\u00f3n General de Formaci\u00f3n Profesional, Innovaci\u00f3n e Inclusi\u00f3n Educativa, por la que se convoca el procedimiento de admisi\u00f3n y matriculaci\u00f3n para cursar ciclos formativos de Grado Medio y Grado Superior, en modalidad presencial completa, en centros sostenidos con fondos p\u00fablicos del \u00e1mbito de la Comunidad Aut\u00f3noma de Extremadura, para el curso 2025\/2026.<\/a><\/li>\n<\/ul>\n<\/li>\n<\/ul>\n<h4><strong>EL 3 DE OCTUBRE ES LA FECHA L\u00cdMITE DE MECANIZACI\u00d3N DE MATR\u00cdCULAS POR PARTE DEL CENTRO EDUCATIVO, RECOGIDO EN LA ACTUACI\u00d3N ANTERIOR.<\/strong><\/h4>\n<h4>EL ALUMNADO QUE SOLICITA TRASLADOS DE MATR\u00cdCULA A SEGUNDO CURSO FUERA DEL PERIODO DE ADMISI\u00d3N PODR\u00c1 REALIZARLO A PARTIR DE LA FINALIZACI\u00d3N DEL PROCEDIMIENTO DE LA OFERTA MODULAR PARCIAL HASTA UN MES ANTES DEL INICIO DE LA EVALUACI\u00d3N ORDINARIA. <strong>Ver ANEXO XI de la <a href=\"https:\/\/doe.juntaex.es\/pdfs\/doe\/2025\/990o\/25062111.pdf\">RESOLUCI\u00d3N de 19 de mayo de 2025, de la Direcci\u00f3n General de Formaci\u00f3n Profesional, Innovaci\u00f3n e Inclusi\u00f3n Educativa, por la que se convoca el procedimiento de admisi\u00f3n y matriculaci\u00f3n para cursar ciclos formativos de Grado Medio y Grado Superior, en modalidad presencial completa, en centros sostenidos con fondos p\u00fablicos del \u00e1mbito de la Comunidad Aut\u00f3noma de Extremadura, para el curso 2025\/2026.<\/a><\/strong><\/h4>\n<h1><a href=\"https:\/\/www.educarex.es\/pub\/cont\/com\/0019\/documentos\/Infograf%C3%ADas\/CALENDARIO_ADMISION.png\" target=\"_blank\" rel=\"noopener\">INFOGRAG\u00cdA RESUMEN SOBRE CALENDARIO DE ADMISI\u00d3N<\/a><\/h1>\n<h1><a href=\"https:\/\/www.educarex.es\/pub\/cont\/com\/0019\/documentos\/Infograf%C3%ADas\/GRADO_MEDIO.png\" target=\"_blank\" rel=\"noopener\">INFOGRAF\u00cdA RESUMEN SOBRE ADMISI\u00d3N A GRADO MEDIO<\/a><\/h1>\n<p>\u00a0<\/p>\n<p><strong>AQUELLOS ALUMNOS QUE COMPLETEN SU MATR\u00cdCULA DE FORMA ONLINE A TRAV\u00c9S DE RAYUELA, ADEM\u00c1S DEBER\u00c1N TRAMITAR LA MATR\u00cdCULA EN LA SECRETAR\u00cdA DE ESTE CENTRO PRESENTANDO EL SOBRE DE MATR\u00cdCULA DEBIDAMENTE CUMPLIMENTADO Y CON LA DOCUMENTACI\u00d3N SOLICITADA PARA FINALIZAR SU MATR\u00cdCULA DE FORMA PRESENCIAL<\/strong>.<strong> EL SOBRE DE MATR\u00cdCULA SE PODR\u00c1 ADQUIRIR EN LA SECRETAR\u00cdA DEL PROPIO CENTRO<\/strong>.<\/p>\n<p><strong>HORARIO DE ATENCI\u00d3N AL PUBLICO <\/strong><\/p>\n<p>De lunes a viernes de 10:00 a 13:00 horas. El centro se encuentra en la\u00a0<a href=\"https:\/\/maps.google.com\/?q=C\/+San+At%C3%B3n,+2.+Plaza+San+Jos%C3%A9&amp;entry=gmail&amp;source=g\">C\/ San At\u00f3n, 2. Plaza San Jos\u00e9<\/a> y se debe realizar la entrada por la <a href=\"https:\/\/www.google.es\/maps\/dir\/\/Calle+Su%C3%A1rez+de+Figueroa,+9,+06001+Badajoz\/@38.8828676,-6.9702396,21z\/data=!4m9!4m8!1m0!1m5!1m1!1s0xd16e43613859849:0x3ea7153f7a43d7e5!2m2!1d-6.9702108!2d38.8829584!3e2\">C\/ Su\u00e1rez de Figueroa<\/a>.\u00a0<\/p>\n<p><em>Para cualquier consulta o duda llame al 924 22 06 01 o escriba un correo electr\u00f3nico a: <a href=\"mailto:secretaria@adoratricesbadajoz.es\">secretaria@adoratricesbadajoz.es.<\/a><\/em><\/p>\n<p><strong>NOTA<\/strong>: se informar\u00e1 a todo el alumnado sobre las fechas de inicio del curso y las formas de acceso seguro al centro.\u00a0<\/p>\n<p><a href=\"https:\/\/www.facebook.com\/adoradorasbadajoz\" target=\"_blank\" rel=\"noopener noreferrer\"><img decoding=\"async\" loading=\"lazy\" class=\"alignnone wp-image-562\" src=\"https:\/\/adoratricesbadajoz.es\/wp-content\/uploads\/2020\/05\/facebook-300x300.png\" alt=\"\" width=\"48\" height=\"48\" srcset=\"https:\/\/adoratricesbadajoz.es\/wp-content\/uploads\/2020\/05\/facebook-300x300.png 300w, https:\/\/adoratricesbadajoz.es\/wp-content\/uploads\/2020\/05\/facebook-150x150.png 150w, https:\/\/adoratricesbadajoz.es\/wp-content\/uploads\/2020\/05\/facebook-100x100.png 100w, https:\/\/adoratricesbadajoz.es\/wp-content\/uploads\/2020\/05\/facebook.png 325w\" sizes=\"(max-width: 48px) 100vw, 48px\" \/><\/a> <a href=\"https:\/\/www.instagram.com\/adoradorasbadajoz\/\" target=\"_blank\" rel=\"noopener noreferrer\"><img decoding=\"async\" loading=\"lazy\" class=\"alignnone wp-image-561\" src=\"https:\/\/adoratricesbadajoz.es\/wp-content\/uploads\/2020\/05\/Instagram.png\" alt=\"\" width=\"48\" height=\"48\" srcset=\"https:\/\/adoratricesbadajoz.es\/wp-content\/uploads\/2020\/05\/Instagram.png 300w, https:\/\/adoratricesbadajoz.es\/wp-content\/uploads\/2020\/05\/Instagram-150x150.png 150w, https:\/\/adoratricesbadajoz.es\/wp-content\/uploads\/2020\/05\/Instagram-100x100.png 100w\" sizes=\"(max-width: 48px) 100vw, 48px\" \/><\/a><\/p>\n\n\n<p><\/p>\n","protected":false},"excerpt":{"rendered":"<p>C. C. FORMACI\u00d3N PROFESIONAL ESPEC\u00cdFICA SANTA MADRE SACRAMENTO \u00abADORADORAS\u00bb DE BADAJOZ \u00a0 INFORMACI\u00d3N GENERAL DEL CURSO 2025 &#8211; 2026 SE CONVOCA EL PROCESO DE ADMISI\u00d3N Y MATR\u00cdCULA PARA CURSAR POR PRIMERA VEZ CICLOS FORMATIVOS EN R\u00c9GIMEN PRESENCIAL COMPLETO DURANTE EL CURSO 2025-2026. Si est\u00e1s interesado\/a en matricularte en alguno de los ciclos de grado medio &hellip; <\/p>\n<p class=\"link-more\"><a href=\"https:\/\/adoratricesbadajoz.es\/\" class=\"more-link\">Continuar leyendo<span class=\"screen-reader-text\"> \u00abInicio\u00bb<\/span><\/a><\/p>\n","protected":false},"author":3,"featured_media":0,"parent":0,"menu_order":0,"comment_status":"closed","ping_status":"closed","template":"","meta":[],"_links":{"self":[{"href":"https:\/\/adoratricesbadajoz.es\/index.php?rest_route=\/wp\/v2\/pages\/25"}],"collection":[{"href":"https:\/\/adoratricesbadajoz.es\/index.php?rest_route=\/wp\/v2\/pages"}],"about":[{"href":"https:\/\/adoratricesbadajoz.es\/index.php?rest_route=\/wp\/v2\/types\/page"}],"author":[{"embeddable":true,"href":"https:\/\/adoratricesbadajoz.es\/index.php?rest_route=\/wp\/v2\/users\/3"}],"replies":[{"embeddable":true,"href":"https:\/\/adoratricesbadajoz.es\/index.php?rest_route=%2Fwp%2Fv2%2Fcomments&post=25"}],"version-history":[{"count":91,"href":"https:\/\/adoratricesbadajoz.es\/index.php?rest_route=\/wp\/v2\/pages\/25\/revisions"}],"predecessor-version":[{"id":1001,"href":"https:\/\/adoratricesbadajoz.es\/index.php?rest_route=\/wp\/v2\/pages\/25\/revisions\/1001"}],"wp:attachment":[{"href":"https:\/\/adoratricesbadajoz.es\/index.php?rest_route=%2Fwp%2Fv2%2Fmedia&parent=25"}],"curies":[{"name":"wp","href":"https:\/\/api.w.org\/{rel}","templated":true}]}}