{"id":167,"date":"2015-06-23T01:07:03","date_gmt":"2015-06-22T23:07:03","guid":{"rendered":"http:\/\/adoratricesbadajoz.es\/?page_id=167"},"modified":"2025-05-25T20:21:48","modified_gmt":"2025-05-25T18:21:48","slug":"orientacion-laboral-y-academica","status":"publish","type":"page","link":"https:\/\/adoratricesbadajoz.es\/?page_id=167","title":{"rendered":"Orientaci\u00f3n Psicopedag\u00f3gica"},"content":{"rendered":"\n<p><\/p>\n\n\n<p>\u00a0<\/p>\n<p style=\"text-align: justify;\">El centro ofrece a nuestros alumnos, a sus familias y al profesorado, un servicio de Orientaci\u00f3n Psicopedag\u00f3gica que abarca los siguientes \u00e1mbitos de actuaci\u00f3n:<\/p>\n<p style=\"text-align: justify;\">&#8211; <b>Orientaci\u00f3n Acad\u00e9mica:<\/b> es un proceso de ayuda al estudiante para que se capaz de resolver los problemas que la vida acad\u00e9mica le plantea, para que a lo largo de su itinerario formativo realice elecciones de acuerdo con sus intereses, capacidades, y con su situaci\u00f3n personal.<\/p>\n<p style=\"text-align: justify;\">&#8211; <b>Orientaci\u00f3n Profesional:<\/b>\u00a0ayuda al estudiante para que sea capaz de elegir y prepararse adecuadamente a una profesi\u00f3n o trabajo determinado. Trata de integrar las exigencias personales con las necesidades sociales.<\/p>\n<p style=\"text-align: justify;\">&#8211; <b>Orientaci\u00f3n Personal y Familiar: \u00a0<\/b>ayuda al estudiante a conseguir su equilibrio personal, conocimiento de s\u00ed mismo y motivaci\u00f3n, tomando sus propias decisiones, sin perder las perspectivas de su entorno.<\/p>\n<p style=\"text-align: justify;\">Estaremos encantados de atenderte. \u00bfQu\u00e9 necesitas? Es nuestra declaraci\u00f3n de intenciones. Estamos aqu\u00ed para ayudarte.<\/p>","protected":false},"excerpt":{"rendered":"<p>\u00a0 El centro ofrece a nuestros alumnos, a sus familias y al profesorado, un servicio de Orientaci\u00f3n Psicopedag\u00f3gica que abarca los siguientes \u00e1mbitos de actuaci\u00f3n: &#8211; Orientaci\u00f3n Acad\u00e9mica: es un proceso de ayuda al estudiante para que se capaz de resolver los problemas que la vida acad\u00e9mica le plantea, para que a lo largo de &hellip; <\/p>\n<p class=\"link-more\"><a href=\"https:\/\/adoratricesbadajoz.es\/?page_id=167\" class=\"more-link\">Continuar leyendo<span class=\"screen-reader-text\"> \u00abOrientaci\u00f3n Psicopedag\u00f3gica\u00bb<\/span><\/a><\/p>\n","protected":false},"author":3,"featured_media":0,"parent":0,"menu_order":0,"comment_status":"closed","ping_status":"closed","template":"","meta":[],"_links":{"self":[{"href":"https:\/\/adoratricesbadajoz.es\/index.php?rest_route=\/wp\/v2\/pages\/167"}],"collection":[{"href":"https:\/\/adoratricesbadajoz.es\/index.php?rest_route=\/wp\/v2\/pages"}],"about":[{"href":"https:\/\/adoratricesbadajoz.es\/index.php?rest_route=\/wp\/v2\/types\/page"}],"author":[{"embeddable":true,"href":"https:\/\/adoratricesbadajoz.es\/index.php?rest_route=\/wp\/v2\/users\/3"}],"replies":[{"embeddable":true,"href":"https:\/\/adoratricesbadajoz.es\/index.php?rest_route=%2Fwp%2Fv2%2Fcomments&post=167"}],"version-history":[{"count":17,"href":"https:\/\/adoratricesbadajoz.es\/index.php?rest_route=\/wp\/v2\/pages\/167\/revisions"}],"predecessor-version":[{"id":889,"href":"https:\/\/adoratricesbadajoz.es\/index.php?rest_route=\/wp\/v2\/pages\/167\/revisions\/889"}],"wp:attachment":[{"href":"https:\/\/adoratricesbadajoz.es\/index.php?rest_route=%2Fwp%2Fv2%2Fmedia&parent=167"}],"curies":[{"name":"wp","href":"https:\/\/api.w.org\/{rel}","templated":true}]}}