{"id":161,"date":"2015-06-23T00:48:38","date_gmt":"2015-06-22T22:48:38","guid":{"rendered":"http:\/\/adoratricesbadajoz.es\/?page_id=161"},"modified":"2025-05-25T20:21:06","modified_gmt":"2025-05-25T18:21:06","slug":"becas","status":"publish","type":"page","link":"https:\/\/adoratricesbadajoz.es\/?page_id=161","title":{"rendered":"Becas"},"content":{"rendered":"<p style=\"text-align: justify;\">Las becas del Ministerio de Educaci\u00f3n se presentan mediante formulario online a trav\u00e9s de la web del Ministerio de Educaci\u00f3n.<\/p>\n<p><a href=\"http:\/\/www.mecd.gob.es\/servicios-al-ciudadano-mecd\/catalogo\/educacion\/becas-ayudas-subvenciones\/para-estudiar\/formacion-profesional.html\" target=\"_blank\" rel=\"noopener noreferrer\">http:\/\/www.mecd.gob.es\/servicios-al-ciudadano-mecd\/catalogo\/educacion\/becas-ayudas-subvenciones\/para-estudiar\/formacion-profesional.html<\/a><\/p>\n<p style=\"text-align: justify;\">Si tienes alguna duda, consulta o dificultad a la hora de realizar la solicitud, ponte en contacto con la secretar\u00eda del centro.<\/p>\n","protected":false},"excerpt":{"rendered":"<p>Las becas del Ministerio de Educaci\u00f3n se presentan mediante formulario online a trav\u00e9s de la web del Ministerio de Educaci\u00f3n. http:\/\/www.mecd.gob.es\/servicios-al-ciudadano-mecd\/catalogo\/educacion\/becas-ayudas-subvenciones\/para-estudiar\/formacion-profesional.html Si tienes alguna duda, consulta o dificultad a la hora de realizar la solicitud, ponte en contacto con la secretar\u00eda del centro.<\/p>\n","protected":false},"author":3,"featured_media":0,"parent":121,"menu_order":0,"comment_status":"closed","ping_status":"closed","template":"","meta":[],"_links":{"self":[{"href":"https:\/\/adoratricesbadajoz.es\/index.php?rest_route=\/wp\/v2\/pages\/161"}],"collection":[{"href":"https:\/\/adoratricesbadajoz.es\/index.php?rest_route=\/wp\/v2\/pages"}],"about":[{"href":"https:\/\/adoratricesbadajoz.es\/index.php?rest_route=\/wp\/v2\/types\/page"}],"author":[{"embeddable":true,"href":"https:\/\/adoratricesbadajoz.es\/index.php?rest_route=\/wp\/v2\/users\/3"}],"replies":[{"embeddable":true,"href":"https:\/\/adoratricesbadajoz.es\/index.php?rest_route=%2Fwp%2Fv2%2Fcomments&post=161"}],"version-history":[{"count":7,"href":"https:\/\/adoratricesbadajoz.es\/index.php?rest_route=\/wp\/v2\/pages\/161\/revisions"}],"predecessor-version":[{"id":798,"href":"https:\/\/adoratricesbadajoz.es\/index.php?rest_route=\/wp\/v2\/pages\/161\/revisions\/798"}],"up":[{"embeddable":true,"href":"https:\/\/adoratricesbadajoz.es\/index.php?rest_route=\/wp\/v2\/pages\/121"}],"wp:attachment":[{"href":"https:\/\/adoratricesbadajoz.es\/index.php?rest_route=%2Fwp%2Fv2%2Fmedia&parent=161"}],"curies":[{"name":"wp","href":"https:\/\/api.w.org\/{rel}","templated":true}]}}