{"id":142,"date":"2015-06-22T17:26:25","date_gmt":"2015-06-22T15:26:25","guid":{"rendered":"http:\/\/adoratricesbadajoz.es\/?page_id=142"},"modified":"2025-05-25T20:21:51","modified_gmt":"2025-05-25T18:21:51","slug":"profesorado","status":"publish","type":"page","link":"https:\/\/adoratricesbadajoz.es\/?page_id=142","title":{"rendered":"Profesorado"},"content":{"rendered":"<p style=\"text-align: center;\"><\/p>\n<p style=\"text-align: center;\"><!-- \/wp:list --><\/p>\n<!-- wp:table {\"align\":\"center\"} -->\n<table class=\"wp-block-table aligncenter\" style=\"height: 855px;\" width=\"772\">\n<tbody>\n<tr>\n<td><strong>Profesor\/a<\/strong><\/td>\n<td><b>Correo Electr\u00f3nico Corporativo<\/b><\/td>\n<td><b>Correo Electr\u00f3nico Institucional<\/b><\/td>\n<td><\/td>\n<\/tr>\n<tr>\n<td>Francisco Jos\u00e9 De S\u00e1 Acero<\/td>\n<td>pacode@adoratricesbadajoz.es<\/td>\n<td>fjdesaa01@educarex.es<\/td>\n<td><\/td>\n<\/tr>\n<tr>\n<td>Lorena Rivera Mart\u00ednez<\/td>\n<td>lorenar@adoratricesbadajoz.es<\/td>\n<td>lorenarima72@educarex.es<\/td>\n<td><\/td>\n<\/tr>\n<tr>\n<td><span style=\"font-family: inherit; font-weight: inherit;\">Inmaculada Lobo Delgado<\/span><\/td>\n<td>inmal@adoratricesbadajoz.es<\/td>\n<td>ilobod01@educarex.es<\/td>\n<td><\/td>\n<\/tr>\n<tr>\n<td>Consuelo Cienfuegos Ruiz-Morote<\/td>\n<td>consueloc@adoratricesbadajoz.es<\/td>\n<td>ccienfuegosr01@educarex.es<\/td>\n<td><\/td>\n<\/tr>\n<tr>\n<td>\u00c1ngeles Rivera Mart\u00ednez<\/td>\n<td>angelesr@adoratricesbadajoz.es<\/td>\n<td>mdlariveram01@educarex.es<\/td>\n<td><\/td>\n<\/tr>\n<tr>\n<td>Juan Pablo Gallardo S\u00e1nchez<\/td>\n<td>juanpablog@adoratricesbadajoz.es<\/td>\n<td>jpgallardos02@educarex.es<\/td>\n<td><\/td>\n<\/tr>\n<tr>\n<td>Manoli Rubio Toscano<\/td>\n<td>manolir@adoratricesbadajoz.es<\/td>\n<td>mfrubiot01@educarex.es<\/td>\n<td><\/td>\n<\/tr>\n<tr>\n<td>Gregorio Rodr\u00edguez S\u00e1ndez<\/td>\n<td>greg@adoratricesbadajoz.es<\/td>\n<td>gmrodriguezs02@educarex.es<\/td>\n<td><\/td>\n<\/tr>\n<tr>\n<td>Irene L\u00f3pez Santander<\/td>\n<td>irenel@adoratricesbadajoz.es<\/td>\n<td>imlopezs05@educarex.es<\/td>\n<td><\/td>\n<\/tr>\n<tr>\n<td>Laura Barquero Masero<\/td>\n<td>laurab@adoratricesbadajoz.es<\/td>\n<td>lbarquerom02@educarex.es<\/td>\n<td><\/td>\n<\/tr>\n<tr>\n<td>Diego Gudi\u00f1o Zahinos<\/td>\n<td>dgudinoz@adoratricesbadajoz.es<\/td>\n<td>dgudinnoz01@educarex.es<\/td>\n<td><\/td>\n<\/tr>\n<tr>\n<td>Patricia Redondo Valad\u00e9s<\/td>\n<td>patriciar@adoratricesbadajoz.es<\/td>\n<td>predondov02@educarex.es<\/td>\n<td><\/td>\n<\/tr>\n<tr>\n<td><\/td>\n<td><\/td>\n<td><\/td>\n<td><\/td>\n<\/tr>\n<\/tbody>\n<\/table>\n<p style=\"text-align: center;\"><!-- \/wp:table --><\/p>\n<!-- wp:list -->","protected":false},"excerpt":{"rendered":"<p>Profesor\/a Correo Electr\u00f3nico Corporativo Correo Electr\u00f3nico Institucional Francisco Jos\u00e9 De S\u00e1 Acero pacode@adoratricesbadajoz.es fjdesaa01@educarex.es Lorena Rivera Mart\u00ednez lorenar@adoratricesbadajoz.es lorenarima72@educarex.es Inmaculada Lobo Delgado inmal@adoratricesbadajoz.es ilobod01@educarex.es Consuelo Cienfuegos Ruiz-Morote consueloc@adoratricesbadajoz.es ccienfuegosr01@educarex.es \u00c1ngeles Rivera Mart\u00ednez angelesr@adoratricesbadajoz.es mdlariveram01@educarex.es Juan Pablo Gallardo S\u00e1nchez juanpablog@adoratricesbadajoz.es jpgallardos02@educarex.es Manoli Rubio Toscano manolir@adoratricesbadajoz.es mfrubiot01@educarex.es Gregorio Rodr\u00edguez S\u00e1ndez greg@adoratricesbadajoz.es gmrodriguezs02@educarex.es Irene L\u00f3pez Santander irenel@adoratricesbadajoz.es imlopezs05@educarex.es &hellip; <\/p>\n<p class=\"link-more\"><a href=\"https:\/\/adoratricesbadajoz.es\/?page_id=142\" class=\"more-link\">Continuar leyendo<span class=\"screen-reader-text\"> \u00abProfesorado\u00bb<\/span><\/a><\/p>\n","protected":false},"author":3,"featured_media":0,"parent":0,"menu_order":0,"comment_status":"closed","ping_status":"closed","template":"","meta":[],"_links":{"self":[{"href":"https:\/\/adoratricesbadajoz.es\/index.php?rest_route=\/wp\/v2\/pages\/142"}],"collection":[{"href":"https:\/\/adoratricesbadajoz.es\/index.php?rest_route=\/wp\/v2\/pages"}],"about":[{"href":"https:\/\/adoratricesbadajoz.es\/index.php?rest_route=\/wp\/v2\/types\/page"}],"author":[{"embeddable":true,"href":"https:\/\/adoratricesbadajoz.es\/index.php?rest_route=\/wp\/v2\/users\/3"}],"replies":[{"embeddable":true,"href":"https:\/\/adoratricesbadajoz.es\/index.php?rest_route=%2Fwp%2Fv2%2Fcomments&post=142"}],"version-history":[{"count":21,"href":"https:\/\/adoratricesbadajoz.es\/index.php?rest_route=\/wp\/v2\/pages\/142\/revisions"}],"predecessor-version":[{"id":995,"href":"https:\/\/adoratricesbadajoz.es\/index.php?rest_route=\/wp\/v2\/pages\/142\/revisions\/995"}],"wp:attachment":[{"href":"https:\/\/adoratricesbadajoz.es\/index.php?rest_route=%2Fwp%2Fv2%2Fmedia&parent=142"}],"curies":[{"name":"wp","href":"https:\/\/api.w.org\/{rel}","templated":true}]}}